{"id":9322,"date":"2021-02-15T15:12:08","date_gmt":"2021-02-15T14:12:08","guid":{"rendered":"https:\/\/kidzstickers.com\/qualitaet-und-garantie\/"},"modified":"2021-02-15T16:19:26","modified_gmt":"2021-02-15T15:19:26","slug":"qualitaet-und-garantie","status":"publish","type":"page","link":"\/de\/qualitaet-und-garantie\/","title":{"rendered":"Qualit\u00e4t und Garantie"},"content":{"rendered":"\n<p>KidzStickers verpflichtet sich, qualitativ hochwertige Produkte zu liefern, die alle mit Liebe und Sorgfalt in der Schweiz in unseren R\u00e4umlichkeiten in Lausanne hergestellt werden.<\/p>\n\n<p>Wir garantieren die Qualit\u00e4t unserer Produkte, sofern sie in \u00dcbereinstimmung mit den von KidzStickers erstellten Empfehlungen verwendet werden. Die Etiketten werden mit hochwertigen Farben auf widerstandsf\u00e4higem Material gedruckt und zus\u00e4tzlich mit einer Plastiklaminierung versehen, um die Qualit\u00e4t des Produkts zu erh\u00f6hen.<\/p>\n\n<p>Da der Druck seit vielen Jahren unser Kerngesch\u00e4ft ist, zeichnen wir uns durch ein solides und bew\u00e4hrtes Know-how f\u00fcr garantierte Zufriedenheit aus.<\/p>\n\n<p>Sollte sich ein Produkt dennoch als defekt oder besch\u00e4digt erweisen, k\u00f6nnen Sie es an uns zur\u00fcckzuschicken und KidzStickers wird Ihnen kostenlos ein neues zusenden.<\/p>\n","protected":false},"excerpt":{"rendered":"<p>KidzStickers verpflichtet sich, qualitativ hochwertige Produkte zu liefern, die alle mit Liebe und Sorgfalt in der Schweiz in unseren R\u00e4umlichkeiten in Lausanne hergestellt werden. Wir garantieren die Qualit\u00e4t unserer Produkte, sofern sie in \u00dcbereinstimmung mit den von KidzStickers erstellten Empfehlungen verwendet werden. Die Etiketten werden mit hochwertigen Farben auf widerstandsf\u00e4higem Material gedruckt und zus\u00e4tzlich mit [&hellip;]<\/p>\n","protected":false},"author":1,"featured_media":0,"parent":0,"menu_order":0,"comment_status":"closed","ping_status":"closed","template":"","meta":{"site-sidebar-layout":"no-sidebar","site-content-layout":"page-builder","ast-site-content-layout":"default","site-content-style":"default","site-sidebar-style":"default","ast-global-header-display":"","ast-banner-title-visibility":"","ast-main-header-display":"","ast-hfb-above-header-display":"","ast-hfb-below-header-display":"","ast-hfb-mobile-header-display":"","site-post-title":"","ast-breadcrumbs-content":"","ast-featured-img":"disabled","footer-sml-layout":"","ast-disable-related-posts":"","theme-transparent-header-meta":"default","adv-header-id-meta":"","stick-header-meta":"","header-above-stick-meta":"","header-main-stick-meta":"","header-below-stick-meta":"","astra-migrate-meta-layouts":"default","ast-page-background-enabled":"default","ast-page-background-meta":{"desktop":{"background-color":"","background-image":"","background-repeat":"repeat","background-position":"center center","background-size":"auto","background-attachment":"scroll","background-type":"","background-media":"","overlay-type":"","overlay-color":"","overlay-opacity":"","overlay-gradient":""},"tablet":{"background-color":"","background-image":"","background-repeat":"repeat","background-position":"center center","background-size":"auto","background-attachment":"scroll","background-type":"","background-media":"","overlay-type":"","overlay-color":"","overlay-opacity":"","overlay-gradient":""},"mobile":{"background-color":"","background-image":"","background-repeat":"repeat","background-position":"center center","background-size":"auto","background-attachment":"scroll","background-type":"","background-media":"","overlay-type":"","overlay-color":"","overlay-opacity":"","overlay-gradient":""}},"ast-content-background-meta":{"desktop":{"background-color":"var(--ast-global-color-5)","background-image":"","background-repeat":"repeat","background-position":"center center","background-size":"auto","background-attachment":"scroll","background-type":"","background-media":"","overlay-type":"","overlay-color":"","overlay-opacity":"","overlay-gradient":""},"tablet":{"background-color":"var(--ast-global-color-5)","background-image":"","background-repeat":"repeat","background-position":"center center","background-size":"auto","background-attachment":"scroll","background-type":"","background-media":"","overlay-type":"","overlay-color":"","overlay-opacity":"","overlay-gradient":""},"mobile":{"background-color":"var(--ast-global-color-5)","background-image":"","background-repeat":"repeat","background-position":"center center","background-size":"auto","background-attachment":"scroll","background-type":"","background-media":"","overlay-type":"","overlay-color":"","overlay-opacity":"","overlay-gradient":""}},"footnotes":""},"class_list":["post-9322","page","type-page","status-publish","hentry"],"yoast_head":"<!-- This site is optimized with the Yoast SEO plugin v27.3 - https:\/\/yoast.com\/product\/yoast-seo-wordpress\/ -->\n<title>Qualit\u00e4t und Garantie | KidzStickers - Vos \u00e9tiquettes personnalis\u00e9es pour objets et v\u00eatements - Vos \u00e9tiquettes autocollantes personnalis\u00e9es<\/title>\n<meta name=\"robots\" content=\"index, follow, max-snippet:-1, max-image-preview:large, max-video-preview:-1\" \/>\n<link rel=\"canonical\" href=\"\/de\/qualitaet-und-garantie\/\" \/>\n<meta property=\"og:locale\" content=\"de_DE\" \/>\n<meta property=\"og:type\" content=\"article\" \/>\n<meta property=\"og:title\" content=\"Qualit\u00e4t und Garantie | KidzStickers - Vos \u00e9tiquettes personnalis\u00e9es pour objets et v\u00eatements - Vos \u00e9tiquettes autocollantes personnalis\u00e9es\" \/>\n<meta property=\"og:description\" content=\"KidzStickers verpflichtet sich, qualitativ hochwertige Produkte zu liefern, die alle mit Liebe und Sorgfalt in der Schweiz in unseren R\u00e4umlichkeiten in Lausanne hergestellt werden. Wir garantieren die Qualit\u00e4t unserer Produkte, sofern sie in \u00dcbereinstimmung mit den von KidzStickers erstellten Empfehlungen verwendet werden. Die Etiketten werden mit hochwertigen Farben auf widerstandsf\u00e4higem Material gedruckt und zus\u00e4tzlich mit [&hellip;]\" \/>\n<meta property=\"og:url\" content=\"\/de\/qualitaet-und-garantie\/\" \/>\n<meta property=\"og:site_name\" content=\"KidzStickers - Vos \u00e9tiquettes personnalis\u00e9es pour objets et v\u00eatements\" \/>\n<meta property=\"article:modified_time\" content=\"2021-02-15T15:19:26+00:00\" \/>\n<meta name=\"twitter:card\" content=\"summary_large_image\" \/>\n<meta name=\"twitter:label1\" content=\"Gesch\u00e4tzte Lesezeit\" \/>\n\t<meta name=\"twitter:data1\" content=\"1\u00a0Minute\" \/>\n<script type=\"application\/ld+json\" class=\"yoast-schema-graph\">{\"@context\":\"https:\\\/\\\/schema.org\",\"@graph\":[{\"@type\":\"WebPage\",\"@id\":\"https:\\\/\\\/kidzstickers.com\\\/de\\\/qualitaet-und-garantie\\\/\",\"url\":\"https:\\\/\\\/kidzstickers.com\\\/de\\\/qualitaet-und-garantie\\\/\",\"name\":\"Qualit\u00e4t und Garantie | KidzStickers - Vos \u00e9tiquettes personnalis\u00e9es pour objets et v\u00eatements - Vos \u00e9tiquettes autocollantes personnalis\u00e9es\",\"isPartOf\":{\"@id\":\"https:\\\/\\\/kidzstickers.com\\\/de\\\/#website\"},\"datePublished\":\"2021-02-15T14:12:08+00:00\",\"dateModified\":\"2021-02-15T15:19:26+00:00\",\"breadcrumb\":{\"@id\":\"https:\\\/\\\/kidzstickers.com\\\/de\\\/qualitaet-und-garantie\\\/#breadcrumb\"},\"inLanguage\":\"de\",\"potentialAction\":[{\"@type\":\"ReadAction\",\"target\":[\"https:\\\/\\\/kidzstickers.com\\\/de\\\/qualitaet-und-garantie\\\/\"]}]},{\"@type\":\"BreadcrumbList\",\"@id\":\"https:\\\/\\\/kidzstickers.com\\\/de\\\/qualitaet-und-garantie\\\/#breadcrumb\",\"itemListElement\":[{\"@type\":\"ListItem\",\"position\":1,\"name\":\"Accueil\",\"item\":\"https:\\\/\\\/kidzstickers.com\\\/de\\\/\"},{\"@type\":\"ListItem\",\"position\":2,\"name\":\"Qualit\u00e4t und Garantie\"}]},{\"@type\":\"WebSite\",\"@id\":\"https:\\\/\\\/kidzstickers.com\\\/de\\\/#website\",\"url\":\"https:\\\/\\\/kidzstickers.com\\\/de\\\/\",\"name\":\"KidzStickers - Vos \u00e9tiquettes personnalis\u00e9es pour objets et v\u00eatements\",\"description\":\"Stickers personnalis\u00e9s pour habits et objets\",\"publisher\":{\"@id\":\"https:\\\/\\\/kidzstickers.com\\\/de\\\/#organization\"},\"potentialAction\":[{\"@type\":\"SearchAction\",\"target\":{\"@type\":\"EntryPoint\",\"urlTemplate\":\"https:\\\/\\\/kidzstickers.com\\\/de\\\/?s={search_term_string}\"},\"query-input\":{\"@type\":\"PropertyValueSpecification\",\"valueRequired\":true,\"valueName\":\"search_term_string\"}}],\"inLanguage\":\"de\"},{\"@type\":\"Organization\",\"@id\":\"https:\\\/\\\/kidzstickers.com\\\/de\\\/#organization\",\"name\":\"KidzStickers\",\"url\":\"https:\\\/\\\/kidzstickers.com\\\/de\\\/\",\"logo\":{\"@type\":\"ImageObject\",\"inLanguage\":\"de\",\"@id\":\"https:\\\/\\\/kidzstickers.com\\\/de\\\/#\\\/schema\\\/logo\\\/image\\\/\",\"url\":\"https:\\\/\\\/www.kidzstickers.ch\\\/wp-content\\\/uploads\\\/2020\\\/05\\\/cropped-kidzstickers-1.png\",\"contentUrl\":\"https:\\\/\\\/www.kidzstickers.ch\\\/wp-content\\\/uploads\\\/2020\\\/05\\\/cropped-kidzstickers-1.png\",\"width\":160,\"height\":160,\"caption\":\"KidzStickers\"},\"image\":{\"@id\":\"https:\\\/\\\/kidzstickers.com\\\/de\\\/#\\\/schema\\\/logo\\\/image\\\/\"}}]}<\/script>\n<!-- \/ Yoast SEO plugin. -->","yoast_head_json":{"title":"Qualit\u00e4t und Garantie | KidzStickers - Vos \u00e9tiquettes personnalis\u00e9es pour objets et v\u00eatements - Vos \u00e9tiquettes autocollantes personnalis\u00e9es","robots":{"index":"index","follow":"follow","max-snippet":"max-snippet:-1","max-image-preview":"max-image-preview:large","max-video-preview":"max-video-preview:-1"},"canonical":"\/de\/qualitaet-und-garantie\/","og_locale":"de_DE","og_type":"article","og_title":"Qualit\u00e4t und Garantie | KidzStickers - Vos \u00e9tiquettes personnalis\u00e9es pour objets et v\u00eatements - Vos \u00e9tiquettes autocollantes personnalis\u00e9es","og_description":"KidzStickers verpflichtet sich, qualitativ hochwertige Produkte zu liefern, die alle mit Liebe und Sorgfalt in der Schweiz in unseren R\u00e4umlichkeiten in Lausanne hergestellt werden. Wir garantieren die Qualit\u00e4t unserer Produkte, sofern sie in \u00dcbereinstimmung mit den von KidzStickers erstellten Empfehlungen verwendet werden. Die Etiketten werden mit hochwertigen Farben auf widerstandsf\u00e4higem Material gedruckt und zus\u00e4tzlich mit [&hellip;]","og_url":"\/de\/qualitaet-und-garantie\/","og_site_name":"KidzStickers - Vos \u00e9tiquettes personnalis\u00e9es pour objets et v\u00eatements","article_modified_time":"2021-02-15T15:19:26+00:00","twitter_card":"summary_large_image","twitter_misc":{"Gesch\u00e4tzte Lesezeit":"1\u00a0Minute"},"schema":{"@context":"https:\/\/schema.org","@graph":[{"@type":"WebPage","@id":"\/de\/qualitaet-und-garantie\/","url":"\/de\/qualitaet-und-garantie\/","name":"Qualit\u00e4t und Garantie | KidzStickers - Vos \u00e9tiquettes personnalis\u00e9es pour objets et v\u00eatements - Vos \u00e9tiquettes autocollantes personnalis\u00e9es","isPartOf":{"@id":"\/de\/#website"},"datePublished":"2021-02-15T14:12:08+00:00","dateModified":"2021-02-15T15:19:26+00:00","breadcrumb":{"@id":"\/de\/qualitaet-und-garantie\/#breadcrumb"},"inLanguage":"de","potentialAction":[{"@type":"ReadAction","target":["\/de\/qualitaet-und-garantie\/"]}]},{"@type":"BreadcrumbList","@id":"\/de\/qualitaet-und-garantie\/#breadcrumb","itemListElement":[{"@type":"ListItem","position":1,"name":"Accueil","item":"\/de\/"},{"@type":"ListItem","position":2,"name":"Qualit\u00e4t und Garantie"}]},{"@type":"WebSite","@id":"\/de\/#website","url":"\/de\/","name":"KidzStickers - Vos \u00e9tiquettes personnalis\u00e9es pour objets et v\u00eatements","description":"Stickers personnalis\u00e9s pour habits et objets","publisher":{"@id":"\/de\/#organization"},"potentialAction":[{"@type":"SearchAction","target":{"@type":"EntryPoint","urlTemplate":"\/de\/?s={search_term_string}"},"query-input":{"@type":"PropertyValueSpecification","valueRequired":true,"valueName":"search_term_string"}}],"inLanguage":"de"},{"@type":"Organization","@id":"\/de\/#organization","name":"KidzStickers","url":"\/de\/","logo":{"@type":"ImageObject","inLanguage":"de","@id":"\/de\/#\/schema\/logo\/image\/","url":"https:\/\/www.kidzstickers.ch\/wp-content\/uploads\/2020\/05\/cropped-kidzstickers-1.png","contentUrl":"https:\/\/www.kidzstickers.ch\/wp-content\/uploads\/2020\/05\/cropped-kidzstickers-1.png","width":160,"height":160,"caption":"KidzStickers"},"image":{"@id":"\/de\/#\/schema\/logo\/image\/"}}]}},"jetpack_sharing_enabled":true,"_links":{"self":[{"href":"\/de\/wp-json\/wp\/v2\/pages\/9322","targetHints":{"allow":["GET"]}}],"collection":[{"href":"\/de\/wp-json\/wp\/v2\/pages"}],"about":[{"href":"\/de\/wp-json\/wp\/v2\/types\/page"}],"author":[{"embeddable":true,"href":"\/de\/wp-json\/wp\/v2\/users\/1"}],"replies":[{"embeddable":true,"href":"\/de\/wp-json\/wp\/v2\/comments?post=9322"}],"version-history":[{"count":0,"href":"\/de\/wp-json\/wp\/v2\/pages\/9322\/revisions"}],"wp:attachment":[{"href":"\/de\/wp-json\/wp\/v2\/media?parent=9322"}],"curies":[{"name":"wp","href":"https:\/\/api.w.org\/{rel}","templated":true}]}}