{"id":9324,"date":"2021-02-15T15:14:32","date_gmt":"2021-02-15T14:14:32","guid":{"rendered":"https:\/\/kidzstickers.com\/bezahlung-und-versand\/"},"modified":"2021-02-15T16:22:09","modified_gmt":"2021-02-15T15:22:09","slug":"bezahlung-und-versand","status":"publish","type":"page","link":"\/de\/bezahlung-und-versand\/","title":{"rendered":"Bezahlung und Versand"},"content":{"rendered":"\n<h2 class=\"wp-block-heading\">Zahlungsarten<\/h2>\n\n<p>Die Kunden von KidzStickers k\u00f6nnen ihre Eink\u00e4ufe einfach und sicher mit ihrer Kreditkarte (Visa, Mastercard, &#8230;) und \u00fcber Stripe und Paypal bezahlen.<\/p>\n\n<p>Wer m\u00f6chte, kann in der Schweiz auch per Rechnung zahlen, die innerhalb von 15 Tagen zu begleichen ist (+ 3 CHF).<\/p>\n\n<h2 class=\"wp-block-heading\">Versand<\/h2>\n\n<p><strong>Lieferart und Versandkosten:<\/strong> Die Lieferung erfolgt schweiz- und europaweit <strong>kostenlos<\/strong> per A-Post.<\/p>\n\n<p><strong>Lieferzeit:<\/strong> Kinder sind ungeduldig, man darf sie nicht warten lassen! Rechnen Sie mit 24 Stunden zwischen Ihrer Bestellung und dem Versand der Ware.<\/p>\n\n<p>Wenn Sie Fragen haben oder Ihre Bestellung nicht erhalten haben sollten, kontaktieren Sie uns bitte unter support@kidzstickers.com.<\/p>\n","protected":false},"excerpt":{"rendered":"<p>Zahlungsarten Die Kunden von KidzStickers k\u00f6nnen ihre Eink\u00e4ufe einfach und sicher mit ihrer Kreditkarte (Visa, Mastercard, &#8230;) und \u00fcber Stripe und Paypal bezahlen. Wer m\u00f6chte, kann in der Schweiz auch per Rechnung zahlen, die innerhalb von 15 Tagen zu begleichen ist (+ 3 CHF). Versand Lieferart und Versandkosten: Die Lieferung erfolgt schweiz- und europaweit kostenlos [&hellip;]<\/p>\n","protected":false},"author":1,"featured_media":0,"parent":0,"menu_order":0,"comment_status":"closed","ping_status":"closed","template":"","meta":{"site-sidebar-layout":"no-sidebar","site-content-layout":"page-builder","ast-site-content-layout":"default","site-content-style":"default","site-sidebar-style":"default","ast-global-header-display":"","ast-banner-title-visibility":"","ast-main-header-display":"","ast-hfb-above-header-display":"","ast-hfb-below-header-display":"","ast-hfb-mobile-header-display":"","site-post-title":"disabled","ast-breadcrumbs-content":"","ast-featured-img":"disabled","footer-sml-layout":"","ast-disable-related-posts":"","theme-transparent-header-meta":"default","adv-header-id-meta":"","stick-header-meta":"default","header-above-stick-meta":"","header-main-stick-meta":"","header-below-stick-meta":"","astra-migrate-meta-layouts":"default","ast-page-background-enabled":"default","ast-page-background-meta":{"desktop":{"background-color":"","background-image":"","background-repeat":"repeat","background-position":"center center","background-size":"auto","background-attachment":"scroll","background-type":"","background-media":"","overlay-type":"","overlay-color":"","overlay-opacity":"","overlay-gradient":""},"tablet":{"background-color":"","background-image":"","background-repeat":"repeat","background-position":"center center","background-size":"auto","background-attachment":"scroll","background-type":"","background-media":"","overlay-type":"","overlay-color":"","overlay-opacity":"","overlay-gradient":""},"mobile":{"background-color":"","background-image":"","background-repeat":"repeat","background-position":"center center","background-size":"auto","background-attachment":"scroll","background-type":"","background-media":"","overlay-type":"","overlay-color":"","overlay-opacity":"","overlay-gradient":""}},"ast-content-background-meta":{"desktop":{"background-color":"var(--ast-global-color-5)","background-image":"","background-repeat":"repeat","background-position":"center center","background-size":"auto","background-attachment":"scroll","background-type":"","background-media":"","overlay-type":"","overlay-color":"","overlay-opacity":"","overlay-gradient":""},"tablet":{"background-color":"var(--ast-global-color-5)","background-image":"","background-repeat":"repeat","background-position":"center center","background-size":"auto","background-attachment":"scroll","background-type":"","background-media":"","overlay-type":"","overlay-color":"","overlay-opacity":"","overlay-gradient":""},"mobile":{"background-color":"var(--ast-global-color-5)","background-image":"","background-repeat":"repeat","background-position":"center center","background-size":"auto","background-attachment":"scroll","background-type":"","background-media":"","overlay-type":"","overlay-color":"","overlay-opacity":"","overlay-gradient":""}},"footnotes":""},"class_list":["post-9324","page","type-page","status-publish","hentry"],"yoast_head":"<!-- This site is optimized with the Yoast SEO plugin v27.3 - https:\/\/yoast.com\/product\/yoast-seo-wordpress\/ -->\n<title>Bezahlung und Versand | KidzStickers - Vos \u00e9tiquettes personnalis\u00e9es pour objets et v\u00eatements - Vos \u00e9tiquettes autocollantes personnalis\u00e9es<\/title>\n<meta name=\"robots\" content=\"index, follow, max-snippet:-1, max-image-preview:large, max-video-preview:-1\" \/>\n<link rel=\"canonical\" href=\"\/de\/bezahlung-und-versand\/\" \/>\n<meta property=\"og:locale\" content=\"de_DE\" \/>\n<meta property=\"og:type\" content=\"article\" \/>\n<meta property=\"og:title\" content=\"Bezahlung und Versand | KidzStickers - Vos \u00e9tiquettes personnalis\u00e9es pour objets et v\u00eatements - Vos \u00e9tiquettes autocollantes personnalis\u00e9es\" \/>\n<meta property=\"og:description\" content=\"Zahlungsarten Die Kunden von KidzStickers k\u00f6nnen ihre Eink\u00e4ufe einfach und sicher mit ihrer Kreditkarte (Visa, Mastercard, &#8230;) und \u00fcber Stripe und Paypal bezahlen. Wer m\u00f6chte, kann in der Schweiz auch per Rechnung zahlen, die innerhalb von 15 Tagen zu begleichen ist (+ 3 CHF). Versand Lieferart und Versandkosten: Die Lieferung erfolgt schweiz- und europaweit kostenlos [&hellip;]\" \/>\n<meta property=\"og:url\" content=\"\/de\/bezahlung-und-versand\/\" \/>\n<meta property=\"og:site_name\" content=\"KidzStickers - Vos \u00e9tiquettes personnalis\u00e9es pour objets et v\u00eatements\" \/>\n<meta property=\"article:modified_time\" content=\"2021-02-15T15:22:09+00:00\" \/>\n<meta name=\"twitter:card\" content=\"summary_large_image\" \/>\n<script type=\"application\/ld+json\" class=\"yoast-schema-graph\">{\"@context\":\"https:\\\/\\\/schema.org\",\"@graph\":[{\"@type\":\"WebPage\",\"@id\":\"https:\\\/\\\/kidzstickers.com\\\/de\\\/bezahlung-und-versand\\\/\",\"url\":\"https:\\\/\\\/kidzstickers.com\\\/de\\\/bezahlung-und-versand\\\/\",\"name\":\"Bezahlung und Versand | KidzStickers - Vos \u00e9tiquettes personnalis\u00e9es pour objets et v\u00eatements - Vos \u00e9tiquettes autocollantes personnalis\u00e9es\",\"isPartOf\":{\"@id\":\"https:\\\/\\\/kidzstickers.com\\\/de\\\/#website\"},\"datePublished\":\"2021-02-15T14:14:32+00:00\",\"dateModified\":\"2021-02-15T15:22:09+00:00\",\"breadcrumb\":{\"@id\":\"https:\\\/\\\/kidzstickers.com\\\/de\\\/bezahlung-und-versand\\\/#breadcrumb\"},\"inLanguage\":\"de\",\"potentialAction\":[{\"@type\":\"ReadAction\",\"target\":[\"https:\\\/\\\/kidzstickers.com\\\/de\\\/bezahlung-und-versand\\\/\"]}]},{\"@type\":\"BreadcrumbList\",\"@id\":\"https:\\\/\\\/kidzstickers.com\\\/de\\\/bezahlung-und-versand\\\/#breadcrumb\",\"itemListElement\":[{\"@type\":\"ListItem\",\"position\":1,\"name\":\"Accueil\",\"item\":\"https:\\\/\\\/kidzstickers.com\\\/de\\\/\"},{\"@type\":\"ListItem\",\"position\":2,\"name\":\"Bezahlung und Versand\"}]},{\"@type\":\"WebSite\",\"@id\":\"https:\\\/\\\/kidzstickers.com\\\/de\\\/#website\",\"url\":\"https:\\\/\\\/kidzstickers.com\\\/de\\\/\",\"name\":\"KidzStickers - Vos \u00e9tiquettes personnalis\u00e9es pour objets et v\u00eatements\",\"description\":\"Stickers personnalis\u00e9s pour habits et objets\",\"publisher\":{\"@id\":\"https:\\\/\\\/kidzstickers.com\\\/de\\\/#organization\"},\"potentialAction\":[{\"@type\":\"SearchAction\",\"target\":{\"@type\":\"EntryPoint\",\"urlTemplate\":\"https:\\\/\\\/kidzstickers.com\\\/de\\\/?s={search_term_string}\"},\"query-input\":{\"@type\":\"PropertyValueSpecification\",\"valueRequired\":true,\"valueName\":\"search_term_string\"}}],\"inLanguage\":\"de\"},{\"@type\":\"Organization\",\"@id\":\"https:\\\/\\\/kidzstickers.com\\\/de\\\/#organization\",\"name\":\"KidzStickers\",\"url\":\"https:\\\/\\\/kidzstickers.com\\\/de\\\/\",\"logo\":{\"@type\":\"ImageObject\",\"inLanguage\":\"de\",\"@id\":\"https:\\\/\\\/kidzstickers.com\\\/de\\\/#\\\/schema\\\/logo\\\/image\\\/\",\"url\":\"https:\\\/\\\/www.kidzstickers.ch\\\/wp-content\\\/uploads\\\/2020\\\/05\\\/cropped-kidzstickers-1.png\",\"contentUrl\":\"https:\\\/\\\/www.kidzstickers.ch\\\/wp-content\\\/uploads\\\/2020\\\/05\\\/cropped-kidzstickers-1.png\",\"width\":160,\"height\":160,\"caption\":\"KidzStickers\"},\"image\":{\"@id\":\"https:\\\/\\\/kidzstickers.com\\\/de\\\/#\\\/schema\\\/logo\\\/image\\\/\"}}]}<\/script>\n<!-- \/ Yoast SEO plugin. -->","yoast_head_json":{"title":"Bezahlung und Versand | KidzStickers - Vos \u00e9tiquettes personnalis\u00e9es pour objets et v\u00eatements - Vos \u00e9tiquettes autocollantes personnalis\u00e9es","robots":{"index":"index","follow":"follow","max-snippet":"max-snippet:-1","max-image-preview":"max-image-preview:large","max-video-preview":"max-video-preview:-1"},"canonical":"\/de\/bezahlung-und-versand\/","og_locale":"de_DE","og_type":"article","og_title":"Bezahlung und Versand | KidzStickers - Vos \u00e9tiquettes personnalis\u00e9es pour objets et v\u00eatements - Vos \u00e9tiquettes autocollantes personnalis\u00e9es","og_description":"Zahlungsarten Die Kunden von KidzStickers k\u00f6nnen ihre Eink\u00e4ufe einfach und sicher mit ihrer Kreditkarte (Visa, Mastercard, &#8230;) und \u00fcber Stripe und Paypal bezahlen. Wer m\u00f6chte, kann in der Schweiz auch per Rechnung zahlen, die innerhalb von 15 Tagen zu begleichen ist (+ 3 CHF). Versand Lieferart und Versandkosten: Die Lieferung erfolgt schweiz- und europaweit kostenlos [&hellip;]","og_url":"\/de\/bezahlung-und-versand\/","og_site_name":"KidzStickers - Vos \u00e9tiquettes personnalis\u00e9es pour objets et v\u00eatements","article_modified_time":"2021-02-15T15:22:09+00:00","twitter_card":"summary_large_image","schema":{"@context":"https:\/\/schema.org","@graph":[{"@type":"WebPage","@id":"\/de\/bezahlung-und-versand\/","url":"\/de\/bezahlung-und-versand\/","name":"Bezahlung und Versand | KidzStickers - Vos \u00e9tiquettes personnalis\u00e9es pour objets et v\u00eatements - Vos \u00e9tiquettes autocollantes personnalis\u00e9es","isPartOf":{"@id":"\/de\/#website"},"datePublished":"2021-02-15T14:14:32+00:00","dateModified":"2021-02-15T15:22:09+00:00","breadcrumb":{"@id":"\/de\/bezahlung-und-versand\/#breadcrumb"},"inLanguage":"de","potentialAction":[{"@type":"ReadAction","target":["\/de\/bezahlung-und-versand\/"]}]},{"@type":"BreadcrumbList","@id":"\/de\/bezahlung-und-versand\/#breadcrumb","itemListElement":[{"@type":"ListItem","position":1,"name":"Accueil","item":"\/de\/"},{"@type":"ListItem","position":2,"name":"Bezahlung und Versand"}]},{"@type":"WebSite","@id":"\/de\/#website","url":"\/de\/","name":"KidzStickers - Vos \u00e9tiquettes personnalis\u00e9es pour objets et v\u00eatements","description":"Stickers personnalis\u00e9s pour habits et objets","publisher":{"@id":"\/de\/#organization"},"potentialAction":[{"@type":"SearchAction","target":{"@type":"EntryPoint","urlTemplate":"\/de\/?s={search_term_string}"},"query-input":{"@type":"PropertyValueSpecification","valueRequired":true,"valueName":"search_term_string"}}],"inLanguage":"de"},{"@type":"Organization","@id":"\/de\/#organization","name":"KidzStickers","url":"\/de\/","logo":{"@type":"ImageObject","inLanguage":"de","@id":"\/de\/#\/schema\/logo\/image\/","url":"https:\/\/www.kidzstickers.ch\/wp-content\/uploads\/2020\/05\/cropped-kidzstickers-1.png","contentUrl":"https:\/\/www.kidzstickers.ch\/wp-content\/uploads\/2020\/05\/cropped-kidzstickers-1.png","width":160,"height":160,"caption":"KidzStickers"},"image":{"@id":"\/de\/#\/schema\/logo\/image\/"}}]}},"jetpack_sharing_enabled":true,"_links":{"self":[{"href":"\/de\/wp-json\/wp\/v2\/pages\/9324","targetHints":{"allow":["GET"]}}],"collection":[{"href":"\/de\/wp-json\/wp\/v2\/pages"}],"about":[{"href":"\/de\/wp-json\/wp\/v2\/types\/page"}],"author":[{"embeddable":true,"href":"\/de\/wp-json\/wp\/v2\/users\/1"}],"replies":[{"embeddable":true,"href":"\/de\/wp-json\/wp\/v2\/comments?post=9324"}],"version-history":[{"count":0,"href":"\/de\/wp-json\/wp\/v2\/pages\/9324\/revisions"}],"wp:attachment":[{"href":"\/de\/wp-json\/wp\/v2\/media?parent=9324"}],"curies":[{"name":"wp","href":"https:\/\/api.w.org\/{rel}","templated":true}]}}